{"id":65,"date":"2018-04-05T11:43:17","date_gmt":"2018-04-05T11:43:17","guid":{"rendered":"https:\/\/schanzer-rollis.de\/?page_id=65"},"modified":"2019-12-12T10:57:16","modified_gmt":"2019-12-12T10:57:16","slug":"ueber-uns","status":"publish","type":"page","link":"https:\/\/schanzer-rollis.de\/index.php\/ueber-uns\/","title":{"rendered":"\u00dcber uns"},"content":{"rendered":"<p>Der Verein verfolgt folgende gemeinn\u00fctzige Zielsetzungen:<\/p>\n<ul>\n<li>Die Unterst\u00fctzung hilfsbed\u00fcrftiger Personen.<br \/>\nInsbesondere von Rollstuhlfahrern.<\/li>\n<li>Die Unterst\u00fctzung von Rollstuhlfahrern und anderen Menschen mit Handicap bei der Zielf\u00fchrung ihrer Bed\u00fcrfnisse im Rahmen ihrer Freizeitgestaltung, insbesondere zur Teilnahme an Sport- und Kulturveranstaltungen.<\/li>\n<li>Die Integration von behinderten Menschen in normale Freizeit- und Kulturveranstaltungen<\/li>\n<li>Die F\u00f6rderung der Solidarit\u00e4t und der Kommunikation zwischen Menschen durch gemeinsame Teilhabe am gesellschaftlichen Leben incl. gegenseitiger Unterst\u00fctzung<\/li>\n<\/ul>\n","protected":false},"excerpt":{"rendered":"<p>Der Verein verfolgt folgende gemeinn\u00fctzige Zielsetzungen: Die Unterst\u00fctzung hilfsbed\u00fcrftiger Personen. Insbesondere von Rollstuhlfahrern. Die Unterst\u00fctzung von Rollstuhlfahrern und anderen Menschen mit Handicap bei der Zielf\u00fchrung ihrer Bed\u00fcrfnisse im Rahmen ihrer Freizeitgestaltung, insbesondere zur Teilnahme an Sport- und Kulturveranstaltungen. Die Integration von behinderten Menschen in normale Freizeit- und Kulturveranstaltungen Die F\u00f6rderung der Solidarit\u00e4t und der Kommunikation &hellip; <\/p>\n<p class=\"link-more\"><a href=\"https:\/\/schanzer-rollis.de\/index.php\/ueber-uns\/\" class=\"more-link\"><span class=\"screen-reader-text\">\u201e\u00dcber uns\u201c<\/span> weiterlesen<\/a><\/p>\n","protected":false},"author":1,"featured_media":166,"parent":0,"menu_order":0,"comment_status":"closed","ping_status":"closed","template":"","meta":{"_expiration-date-status":"saved","_expiration-date":0,"_expiration-date-type":"","_expiration-date-categories":[],"_expiration-date-options":[]},"_links":{"self":[{"href":"https:\/\/schanzer-rollis.de\/index.php\/wp-json\/wp\/v2\/pages\/65"}],"collection":[{"href":"https:\/\/schanzer-rollis.de\/index.php\/wp-json\/wp\/v2\/pages"}],"about":[{"href":"https:\/\/schanzer-rollis.de\/index.php\/wp-json\/wp\/v2\/types\/page"}],"author":[{"embeddable":true,"href":"https:\/\/schanzer-rollis.de\/index.php\/wp-json\/wp\/v2\/users\/1"}],"replies":[{"embeddable":true,"href":"https:\/\/schanzer-rollis.de\/index.php\/wp-json\/wp\/v2\/comments?post=65"}],"version-history":[{"count":6,"href":"https:\/\/schanzer-rollis.de\/index.php\/wp-json\/wp\/v2\/pages\/65\/revisions"}],"predecessor-version":[{"id":423,"href":"https:\/\/schanzer-rollis.de\/index.php\/wp-json\/wp\/v2\/pages\/65\/revisions\/423"}],"wp:featuredmedia":[{"embeddable":true,"href":"https:\/\/schanzer-rollis.de\/index.php\/wp-json\/wp\/v2\/media\/166"}],"wp:attachment":[{"href":"https:\/\/schanzer-rollis.de\/index.php\/wp-json\/wp\/v2\/media?parent=65"}],"curies":[{"name":"wp","href":"https:\/\/api.w.org\/{rel}","templated":true}]}}