{"id":2,"date":"2018-02-22T13:00:36","date_gmt":"2018-02-22T13:00:36","guid":{"rendered":"http:\/\/schanzer-rollis.de\/?page_id=2"},"modified":"2019-12-12T11:25:05","modified_gmt":"2019-12-12T11:25:05","slug":"sample-page","status":"publish","type":"page","link":"https:\/\/schanzer-rollis.de\/","title":{"rendered":"Willkommen bei den Schanzer-Rollis!"},"content":{"rendered":"<p>Sch\u00f6n, da\u00df Sie auf die Seite der Schanzer-Rollis gefunden haben!<\/p>\n<p>Wir m\u00f6chten Sie hier \u00fcber unsere Aktivit\u00e4ten, Ziele und Termine informieren.<\/p>\n<p>Dabei dreht es sich bei uns zwar vornehmlich um den Fu\u00dfball des FC Ingolstadt 04, aber auch neben dem Rasen machen wir vieles gemeinsam und setzen uns f\u00fcr ein Miteinander von Menschen mit und ohne Behinderung ein. Hierf\u00fcr sammeln wir auch flei\u00dfig Spenden, um dieses Miteinander zu f\u00f6rdern und zu finanzieren.<\/p>\n<p>Sei mit dabei! &#8211; Wir freuen uns auf Dich!<\/p>\n","protected":false},"excerpt":{"rendered":"<p>Sch\u00f6n, da\u00df Sie auf die Seite der Schanzer-Rollis gefunden haben! Wir m\u00f6chten Sie hier \u00fcber unsere Aktivit\u00e4ten, Ziele und Termine informieren. Dabei dreht es sich bei uns zwar vornehmlich um den Fu\u00dfball des FC Ingolstadt 04, aber auch neben dem Rasen machen wir vieles gemeinsam und setzen uns f\u00fcr ein Miteinander von Menschen mit und &hellip; <\/p>\n<p class=\"link-more\"><a href=\"https:\/\/schanzer-rollis.de\/\" class=\"more-link\"><span class=\"screen-reader-text\">\u201eWillkommen bei den Schanzer-Rollis!\u201c<\/span> weiterlesen<\/a><\/p>\n","protected":false},"author":1,"featured_media":0,"parent":0,"menu_order":0,"comment_status":"closed","ping_status":"closed","template":"","meta":{"_expiration-date-status":"saved","_expiration-date":0,"_expiration-date-type":"","_expiration-date-categories":[],"_expiration-date-options":[]},"_links":{"self":[{"href":"https:\/\/schanzer-rollis.de\/index.php\/wp-json\/wp\/v2\/pages\/2"}],"collection":[{"href":"https:\/\/schanzer-rollis.de\/index.php\/wp-json\/wp\/v2\/pages"}],"about":[{"href":"https:\/\/schanzer-rollis.de\/index.php\/wp-json\/wp\/v2\/types\/page"}],"author":[{"embeddable":true,"href":"https:\/\/schanzer-rollis.de\/index.php\/wp-json\/wp\/v2\/users\/1"}],"replies":[{"embeddable":true,"href":"https:\/\/schanzer-rollis.de\/index.php\/wp-json\/wp\/v2\/comments?post=2"}],"version-history":[{"count":17,"href":"https:\/\/schanzer-rollis.de\/index.php\/wp-json\/wp\/v2\/pages\/2\/revisions"}],"predecessor-version":[{"id":434,"href":"https:\/\/schanzer-rollis.de\/index.php\/wp-json\/wp\/v2\/pages\/2\/revisions\/434"}],"wp:attachment":[{"href":"https:\/\/schanzer-rollis.de\/index.php\/wp-json\/wp\/v2\/media?parent=2"}],"curies":[{"name":"wp","href":"https:\/\/api.w.org\/{rel}","templated":true}]}}